{"id":17,"date":"2019-04-26T18:59:06","date_gmt":"2019-04-26T16:59:06","guid":{"rendered":"http:\/\/loulousacs.fr\/?page_id=17"},"modified":"2020-07-15T19:10:08","modified_gmt":"2020-07-15T17:10:08","slug":"adresse","status":"publish","type":"page","link":"https:\/\/loulousacs.fr\/","title":{"rendered":"Maroquinerie Loulou"},"content":{"rendered":"\n<p><em>Fabricant grossiste,&nbsp;vente&nbsp;r\u00e9serv\u00e9e&nbsp;aux&nbsp;professionnels<\/em><\/p>\n\n\n\n<p><strong>D\u00e9couvrez <\/strong>tous nos produits en <strong>cuir <\/strong>et <strong>cuir vintage<\/strong>, sacs \u00e0 main, sacs bandouli\u00e8res, pochettes, sacs cuir et cro\u00fbte de cuir&#8230; En bref, les derniers mod\u00e8les de <strong>sacs tendances<\/strong>, des pi\u00e8ces uniques et originales, et des <strong>grands classiques<\/strong>, valeurs s\u00fbres de tout acheteur.<\/p>\n\n\n\n<p><strong>Profitez <\/strong>d&rsquo;un vaste catalogue de produits, des collections de sacs <strong>r\u00e9guli\u00e8rement renouvel\u00e9es<\/strong> en fonction des tendances mode et des<strong> best sellers saisonniers<\/strong>. Venez vous approvisionner chez Loulou \u00e0 la fr\u00e9quence que vous souhaitez et soyez s\u00fbr de trouver tous les mod\u00e8les de grande et petite maroquinerie, d&rsquo;<strong>excellente qualit\u00e9 <\/strong>et aux <strong>prix les plus comp\u00e9titifs<\/strong> ! <\/p>\n\n\n\n<hr class=\"wp-block-separator\"\/>\n\n\n\n<h2 class=\"wp-block-heading\"><strong>Horaires<\/strong><\/h2>\n\n\n\n<p>Nous vous accueillons dans notre showroom aux horaires* suivant :<\/p>\n\n\n\n<ul><li>Lundi de 9h \u00e0 19h<\/li><li>Mardi de  9h \u00e0 19h <\/li><li>Mercredi de 9h \u00e0 19h <\/li><li>Jeudi de 9h \u00e0 19h<\/li><li>Vendredi de 9h \u00e0 19h<\/li><li>Samedi de 14h \u00e0 18h<\/li><\/ul>\n\n\n\n<p>*Sauf exception<\/p>\n\n\n\n<hr class=\"wp-block-separator\"\/>\n\n\n\n<h2 class=\"wp-block-heading\"><strong>Contact<\/strong><\/h2>\n\n\n\n<p><strong><em>Loulou<\/em><\/strong><br> March\u00e9 CIFA, lot n\u00b06<br> 8-10 Rue de la Haie Coq<br> 93300 Aubervillers<br> 01 49 37 16 18<br><em> loulousacs@gmail.com<\/em><\/p>\n\n\n\n<figure><iframe loading=\"lazy\" src=\"https:\/\/www.google.com\/maps\/embed?pb=!1m18!1m12!1m3!1d6544.164953789424!2d2.3667293354304673!3d48.91203295033998!2m3!1f0!2f0!3f0!3m2!1i1024!2i768!4f13.1!3m3!1m2!1s0x47e66e9e1faf9b7b%3A0x276bfc4e6f5ee8e4!2s8+Rue+de+la+Haie+Coq%2C+93300+Aubervilliers!5e0!3m2!1sfr!2sfr!4v1559310325193!5m2!1sfr!2sfr\" width=\"600\" height=\"450\" allowfullscreen=\"\"><\/iframe><\/figure>\n\n\n\n<p><\/p>\n","protected":false},"excerpt":{"rendered":"<p>Fabricant grossiste,&nbsp;vente&nbsp;r\u00e9serv\u00e9e&nbsp;aux&nbsp;professionnels D\u00e9couvrez tous nos produits en cuir et cuir vintage, sacs \u00e0 main, sacs bandouli\u00e8res, pochettes, sacs cuir et cro\u00fbte de cuir&#8230; En bref, les derniers mod\u00e8les de sacs tendances, des pi\u00e8ces uniques et originales, et des grands classiques, valeurs s\u00fbres de tout acheteur. Profitez d&rsquo;un vaste catalogue de produits, des collections de sacs &hellip; <\/p>\n<p class=\"link-more\"><a href=\"https:\/\/loulousacs.fr\/\" class=\"more-link\">Continuer la lecture<span class=\"screen-reader-text\"> de &laquo;&nbsp;Maroquinerie Loulou&nbsp;&raquo;<\/span><\/a><\/p>\n","protected":false},"author":1,"featured_media":32,"parent":0,"menu_order":0,"comment_status":"closed","ping_status":"closed","template":"","meta":{"footnotes":""},"_links":{"self":[{"href":"https:\/\/loulousacs.fr\/index.php?rest_route=\/wp\/v2\/pages\/17"}],"collection":[{"href":"https:\/\/loulousacs.fr\/index.php?rest_route=\/wp\/v2\/pages"}],"about":[{"href":"https:\/\/loulousacs.fr\/index.php?rest_route=\/wp\/v2\/types\/page"}],"author":[{"embeddable":true,"href":"https:\/\/loulousacs.fr\/index.php?rest_route=\/wp\/v2\/users\/1"}],"replies":[{"embeddable":true,"href":"https:\/\/loulousacs.fr\/index.php?rest_route=%2Fwp%2Fv2%2Fcomments&post=17"}],"version-history":[{"count":21,"href":"https:\/\/loulousacs.fr\/index.php?rest_route=\/wp\/v2\/pages\/17\/revisions"}],"predecessor-version":[{"id":128,"href":"https:\/\/loulousacs.fr\/index.php?rest_route=\/wp\/v2\/pages\/17\/revisions\/128"}],"wp:featuredmedia":[{"embeddable":true,"href":"https:\/\/loulousacs.fr\/index.php?rest_route=\/wp\/v2\/media\/32"}],"wp:attachment":[{"href":"https:\/\/loulousacs.fr\/index.php?rest_route=%2Fwp%2Fv2%2Fmedia&parent=17"}],"curies":[{"name":"wp","href":"https:\/\/api.w.org\/{rel}","templated":true}]}}